{"id":165,"date":"2023-11-19T00:24:28","date_gmt":"2023-11-19T03:24:28","guid":{"rendered":"https:\/\/silvamanta.com\/index.php\/departamento-notarial\/"},"modified":"2024-07-20T19:56:17","modified_gmt":"2024-07-20T22:56:17","slug":"departamento-notarial","status":"publish","type":"page","link":"https:\/\/silvamanta.com\/index.php\/departamento-notarial\/","title":{"rendered":"Departamento Notarial"},"content":{"rendered":"\n    \n    <section class=\"u-clearfix u-image u-shading u-section-2\" id=\"sec-abf3\" data-image-width=\"828\" data-image-height=\"533\" style=\"background-image: linear-gradient(0deg, rgba(0, 0, 0, 0.65), rgba(0, 0, 0, 0.65)), url(&quot;https:\/\/silvamanta.com\/wp-content\/uploads\/2023\/11\/001-1.jpg&quot;);\">\n      <div class=\"u-clearfix u-sheet u-sheet-1\">\n        <h2 class=\"u-align-center u-text u-text-body-alt-color u-text-1\">Departamento Notarial<\/h2>\n      <\/div>\n    <\/section>\n    <section class=\"u-clearfix u-section-3\" id=\"sec-e2ad\">\n      <div class=\"u-clearfix u-sheet u-sheet-1\">\n        <div class=\"fr-view u-align-center u-clearfix u-rich-text u-text u-text-1\">\n          <h3>Departamento Notarial<\/h3>\n        <\/div>\n        <p class=\"u-align-left u-text u-text-2\"> El departamento notarial cuenta con profesionales de amplia experiencia brindando seguridad jur\u00eddica a los negocios y actividades de nuestros clientes.Con este objetivo acompa\u00f1amos a nuestros clientes, asisti\u00e9ndolos y asesor\u00e1ndolos en todas sus actividades, poniendo \u00e9nfasis en llevar adelante nuestras labores con vocaci\u00f3n, de manera prudente, con responsabilidad y con especial cuidado de la reserva y la discreci\u00f3n.Nuestro Departamento Notarial brinda asesoramiento y prestaci\u00f3n de servicios profesionales vinculados a:<br>Promesas de compraventa y compraventas de bienes inmuebles, urbanos y rurales.<br>Promesas de compraventa y compraventas de establecimientos comerciales<br>Compraventa de Establecimientos Agropecuarios (Estancias, Chacras Mar\u00edtimas)<br>Contratos de opci\u00f3n de compra.<br>Pr\u00e9stamos Hipotecarios<br>Propiedad Horizontal (Reglamentos de Copropiedad)<br>Testamentos<br>Poderes generales o especial<br>Capitulaciones Matrimoniales<br>Cesi\u00f3n de Derechos Hereditarios<br>Actas notariales de intimaci\u00f3n, notificaci\u00f3n y comprobaci\u00f3n de situaciones jur\u00eddicas.\n        <\/p>\n      <\/div>\n    <\/section>\n    <section class=\"u-align-center u-clearfix u-section-4\" id=\"sec-0851\">\n      <div class=\"u-clearfix u-sheet u-valign-middle u-sheet-1\">\n        <h2 class=\"u-align-center u-text u-text-1\">Nuestras \u00c1reas<\/h2>\n        <div class=\"u-expanded-width u-list u-list-1\">\n          <div class=\"u-repeater u-repeater-1\">\n            <div class=\"u-container-style u-list-item u-palette-4-base u-repeater-item u-list-item-1\">\n              <div class=\"u-container-layout u-similar-container u-container-layout-1\"><span class=\"u-file-icon u-icon u-icon-circle u-palette-1-base u-text-white u-icon-1\" data-href=\"https:\/\/silvamanta.com\/index.php\/departamento-juridico\/\"><img decoding=\"async\" src=\"https:\/\/silvamanta.com\/wp-content\/uploads\/2023\/11\/2b372bc1.png\" alt=\"\"><\/span>\n                <a href=\"https:\/\/silvamanta.com\/index.php\/departamento-juridico\/\" class=\"u-btn u-button-style u-none u-text-active-palette-2-base u-text-hover-palette-3-base u-text-palette-1-base u-btn-1\"><span class=\"u-icon u-text-palette-1-base\"><svg class=\"u-svg-content\" viewBox=\"0 -32 426.66667 426\" style=\"width: 1em; height: 1em;\"><path d=\"m213.332031 181.667969c0 4.265625-1.277343 8.53125-3.625 11.730469l-106.667969 160c-3.839843 5.761718-10.238281 9.601562-17.707031 9.601562h-64c-11.730469 0-21.332031-9.601562-21.332031-21.332031 0-4.269531 1.28125-8.535157 3.625-11.734375l98.773438-148.265625-98.773438-148.269531c-2.34375-3.199219-3.625-7.464844-3.625-11.730469 0-11.734375 9.601562-21.335938 21.332031-21.335938h64c7.46875 0 13.867188 3.839844 17.707031 9.601563l106.667969 160c2.347657 3.199218 3.625 7.464844 3.625 11.734375zm0 0\"><\/path><path d=\"m426.667969 181.667969c0 4.265625-1.28125 8.53125-3.628907 11.730469l-106.664062 160c-3.839844 5.761718-10.242188 9.601562-17.707031 9.601562h-64c-11.734375 0-21.335938-9.601562-21.335938-21.332031 0-4.269531 1.28125-8.535157 3.628907-11.734375l98.773437-148.265625-98.773437-148.269531c-2.347657-3.199219-3.628907-7.464844-3.628907-11.730469 0-11.734375 9.601563-21.335938 21.335938-21.335938h64c7.464843 0 13.867187 3.839844 17.707031 9.601563l106.664062 160c2.347657 3.199218 3.628907 7.464844 3.628907 11.734375zm0 0\"><\/path><\/svg><\/span>&nbsp;Departamento Juridico \n                <\/a>\n              <\/div>\n            <\/div>\n            <div class=\"u-container-style u-list-item u-palette-4-base u-repeater-item u-list-item-2\">\n              <div class=\"u-container-layout u-similar-container u-container-layout-2\"><span class=\"u-file-icon u-icon u-icon-circle u-palette-1-base u-text-white u-icon-3\" data-href=\"https:\/\/silvamanta.com\/index.php\/departamento-notarial\/\"><img decoding=\"async\" src=\"https:\/\/silvamanta.com\/wp-content\/uploads\/2023\/11\/2b372bc1.png\" alt=\"\"><\/span>\n                <a href=\"https:\/\/silvamanta.com\/index.php\/departamento-notarial\/\" class=\"u-btn u-button-style u-none u-text-active-palette-2-base u-text-hover-palette-3-base u-text-palette-1-base u-btn-2\"><span class=\"u-icon u-text-palette-1-base\"><svg class=\"u-svg-content\" viewBox=\"0 -32 426.66667 426\" style=\"width: 1em; height: 1em;\"><path d=\"m213.332031 181.667969c0 4.265625-1.277343 8.53125-3.625 11.730469l-106.667969 160c-3.839843 5.761718-10.238281 9.601562-17.707031 9.601562h-64c-11.730469 0-21.332031-9.601562-21.332031-21.332031 0-4.269531 1.28125-8.535157 3.625-11.734375l98.773438-148.265625-98.773438-148.269531c-2.34375-3.199219-3.625-7.464844-3.625-11.730469 0-11.734375 9.601562-21.335938 21.332031-21.335938h64c7.46875 0 13.867188 3.839844 17.707031 9.601563l106.667969 160c2.347657 3.199218 3.625 7.464844 3.625 11.734375zm0 0\"><\/path><path d=\"m426.667969 181.667969c0 4.265625-1.28125 8.53125-3.628907 11.730469l-106.664062 160c-3.839844 5.761718-10.242188 9.601562-17.707031 9.601562h-64c-11.734375 0-21.335938-9.601562-21.335938-21.332031 0-4.269531 1.28125-8.535157 3.628907-11.734375l98.773437-148.265625-98.773437-148.269531c-2.347657-3.199219-3.628907-7.464844-3.628907-11.730469 0-11.734375 9.601563-21.335938 21.335938-21.335938h64c7.464843 0 13.867187 3.839844 17.707031 9.601563l106.664062 160c2.347657 3.199218 3.628907 7.464844 3.628907 11.734375zm0 0\"><\/path><\/svg><\/span>&nbsp;Departamento Notarial \n                <\/a>\n              <\/div>\n            <\/div>\n            <div class=\"u-container-style u-list-item u-palette-4-base u-repeater-item u-list-item-3\">\n              <div class=\"u-container-layout u-similar-container u-container-layout-3\"><span class=\"u-file-icon u-icon u-icon-circle u-palette-1-base u-text-white u-icon-5\" data-href=\"https:\/\/silvamanta.com\/index.php\/departamento-contable\/\"><img decoding=\"async\" src=\"https:\/\/silvamanta.com\/wp-content\/uploads\/2023\/11\/2b372bc1.png\" alt=\"\"><\/span>\n                <a href=\"https:\/\/silvamanta.com\/index.php\/departamento-contable\/\" class=\"u-btn u-button-style u-none u-text-active-palette-2-base u-text-hover-palette-3-base u-text-palette-1-base u-btn-3\"><span class=\"u-icon u-text-palette-1-base\"><svg class=\"u-svg-content\" viewBox=\"0 -32 426.66667 426\" style=\"width: 1em; height: 1em;\"><path d=\"m213.332031 181.667969c0 4.265625-1.277343 8.53125-3.625 11.730469l-106.667969 160c-3.839843 5.761718-10.238281 9.601562-17.707031 9.601562h-64c-11.730469 0-21.332031-9.601562-21.332031-21.332031 0-4.269531 1.28125-8.535157 3.625-11.734375l98.773438-148.265625-98.773438-148.269531c-2.34375-3.199219-3.625-7.464844-3.625-11.730469 0-11.734375 9.601562-21.335938 21.332031-21.335938h64c7.46875 0 13.867188 3.839844 17.707031 9.601563l106.667969 160c2.347657 3.199218 3.625 7.464844 3.625 11.734375zm0 0\"><\/path><path d=\"m426.667969 181.667969c0 4.265625-1.28125 8.53125-3.628907 11.730469l-106.664062 160c-3.839844 5.761718-10.242188 9.601562-17.707031 9.601562h-64c-11.734375 0-21.335938-9.601562-21.335938-21.332031 0-4.269531 1.28125-8.535157 3.628907-11.734375l98.773437-148.265625-98.773437-148.269531c-2.347657-3.199219-3.628907-7.464844-3.628907-11.730469 0-11.734375 9.601563-21.335938 21.335938-21.335938h64c7.464843 0 13.867187 3.839844 17.707031 9.601563l106.664062 160c2.347657 3.199218 3.628907 7.464844 3.628907 11.734375zm0 0\"><\/path><\/svg><\/span>&nbsp;Departamento Contable \n                <\/a>\n              <\/div>\n            <\/div>\n            <div class=\"u-container-style u-list-item u-palette-4-base u-repeater-item u-list-item-4\">\n              <div class=\"u-container-layout u-similar-container u-container-layout-4\"><span class=\"u-file-icon u-icon u-icon-circle u-palette-1-base u-text-white u-icon-7\"><img decoding=\"async\" src=\"https:\/\/silvamanta.com\/wp-content\/uploads\/2023\/11\/2b372bc1.png\" alt=\"\"><\/span>\n                <a href=\"https:\/\/silvamanta.com\/index.php\/departamento-de-residencias\/\" class=\"u-btn u-button-style u-none u-text-active-palette-2-base u-text-hover-palette-3-base u-text-palette-1-base u-btn-4\"><span class=\"u-icon u-text-palette-1-base\"><svg class=\"u-svg-content\" viewBox=\"0 -32 426.66667 426\" style=\"width: 1em; height: 1em;\"><path d=\"m213.332031 181.667969c0 4.265625-1.277343 8.53125-3.625 11.730469l-106.667969 160c-3.839843 5.761718-10.238281 9.601562-17.707031 9.601562h-64c-11.730469 0-21.332031-9.601562-21.332031-21.332031 0-4.269531 1.28125-8.535157 3.625-11.734375l98.773438-148.265625-98.773438-148.269531c-2.34375-3.199219-3.625-7.464844-3.625-11.730469 0-11.734375 9.601562-21.335938 21.332031-21.335938h64c7.46875 0 13.867188 3.839844 17.707031 9.601563l106.667969 160c2.347657 3.199218 3.625 7.464844 3.625 11.734375zm0 0\"><\/path><path d=\"m426.667969 181.667969c0 4.265625-1.28125 8.53125-3.628907 11.730469l-106.664062 160c-3.839844 5.761718-10.242188 9.601562-17.707031 9.601562h-64c-11.734375 0-21.335938-9.601562-21.335938-21.332031 0-4.269531 1.28125-8.535157 3.628907-11.734375l98.773437-148.265625-98.773437-148.269531c-2.347657-3.199219-3.628907-7.464844-3.628907-11.730469 0-11.734375 9.601563-21.335938 21.335938-21.335938h64c7.464843 0 13.867187 3.839844 17.707031 9.601563l106.664062 160c2.347657 3.199218 3.628907 7.464844 3.628907 11.734375zm0 0\"><\/path><\/svg><\/span>&nbsp;Departamento de Residencias \n                <\/a>\n              <\/div>\n            <\/div>\n            <div class=\"u-container-style u-list-item u-palette-4-base u-repeater-item u-list-item-5\">\n              <div class=\"u-container-layout u-similar-container u-container-layout-5\"><span class=\"u-file-icon u-icon u-icon-circle u-palette-1-base u-text-white u-icon-9\"><img decoding=\"async\" src=\"https:\/\/silvamanta.com\/wp-content\/uploads\/2023\/11\/2b372bc1.png\" alt=\"\"><\/span>\n                <a href=\"https:\/\/silvamanta.com\/index.php\/proyecto-de-inversion\/\" class=\"u-btn u-button-style u-none u-text-active-palette-2-base u-text-hover-palette-3-base u-text-palette-1-base u-btn-5\"><span class=\"u-icon u-text-palette-1-base\"><svg class=\"u-svg-content\" viewBox=\"0 -32 426.66667 426\" style=\"width: 1em; height: 1em;\"><path d=\"m213.332031 181.667969c0 4.265625-1.277343 8.53125-3.625 11.730469l-106.667969 160c-3.839843 5.761718-10.238281 9.601562-17.707031 9.601562h-64c-11.730469 0-21.332031-9.601562-21.332031-21.332031 0-4.269531 1.28125-8.535157 3.625-11.734375l98.773438-148.265625-98.773438-148.269531c-2.34375-3.199219-3.625-7.464844-3.625-11.730469 0-11.734375 9.601562-21.335938 21.332031-21.335938h64c7.46875 0 13.867188 3.839844 17.707031 9.601563l106.667969 160c2.347657 3.199218 3.625 7.464844 3.625 11.734375zm0 0\"><\/path><path d=\"m426.667969 181.667969c0 4.265625-1.28125 8.53125-3.628907 11.730469l-106.664062 160c-3.839844 5.761718-10.242188 9.601562-17.707031 9.601562h-64c-11.734375 0-21.335938-9.601562-21.335938-21.332031 0-4.269531 1.28125-8.535157 3.628907-11.734375l98.773437-148.265625-98.773437-148.269531c-2.347657-3.199219-3.628907-7.464844-3.628907-11.730469 0-11.734375 9.601563-21.335938 21.335938-21.335938h64c7.464843 0 13.867187 3.839844 17.707031 9.601563l106.664062 160c2.347657 3.199218 3.628907 7.464844 3.628907 11.734375zm0 0\"><\/path><\/svg><\/span>&nbsp;Proyecto de Inversi\u00f3n \n                <\/a>\n              <\/div>\n            <\/div>\n            <div class=\"u-container-style u-list-item u-palette-4-base u-repeater-item u-list-item-6\">\n              <div class=\"u-container-layout u-similar-container u-container-layout-6\"><span class=\"u-file-icon u-icon u-icon-circle u-palette-1-base u-text-white u-icon-11\"><img decoding=\"async\" src=\"https:\/\/silvamanta.com\/wp-content\/uploads\/2023\/11\/2b372bc1.png\" alt=\"\"><\/span>\n                <a href=\"https:\/\/silvamanta.com\/index.php\/negocios-inmobiliarios\/\" class=\"u-btn u-button-style u-none u-text-active-palette-2-base u-text-hover-palette-3-base u-text-palette-1-base u-btn-6\"><span class=\"u-icon u-text-palette-1-base\"><svg class=\"u-svg-content\" viewBox=\"0 -32 426.66667 426\" style=\"width: 1em; height: 1em;\"><path d=\"m213.332031 181.667969c0 4.265625-1.277343 8.53125-3.625 11.730469l-106.667969 160c-3.839843 5.761718-10.238281 9.601562-17.707031 9.601562h-64c-11.730469 0-21.332031-9.601562-21.332031-21.332031 0-4.269531 1.28125-8.535157 3.625-11.734375l98.773438-148.265625-98.773438-148.269531c-2.34375-3.199219-3.625-7.464844-3.625-11.730469 0-11.734375 9.601562-21.335938 21.332031-21.335938h64c7.46875 0 13.867188 3.839844 17.707031 9.601563l106.667969 160c2.347657 3.199218 3.625 7.464844 3.625 11.734375zm0 0\"><\/path><path d=\"m426.667969 181.667969c0 4.265625-1.28125 8.53125-3.628907 11.730469l-106.664062 160c-3.839844 5.761718-10.242188 9.601562-17.707031 9.601562h-64c-11.734375 0-21.335938-9.601562-21.335938-21.332031 0-4.269531 1.28125-8.535157 3.628907-11.734375l98.773437-148.265625-98.773437-148.269531c-2.347657-3.199219-3.628907-7.464844-3.628907-11.730469 0-11.734375 9.601563-21.335938 21.335938-21.335938h64c7.464843 0 13.867187 3.839844 17.707031 9.601563l106.664062 160c2.347657 3.199218 3.628907 7.464844 3.628907 11.734375zm0 0\"><\/path><\/svg><\/span>&nbsp;Negocios Inmobiliarios \n                <\/a>\n              <\/div>\n            <\/div>\n            <div class=\"u-container-style u-list-item u-palette-4-base u-repeater-item u-list-item-7\">\n              <div class=\"u-container-layout u-similar-container u-container-layout-7\"><span class=\"u-file-icon u-icon u-icon-circle u-palette-1-base u-text-white u-icon-13\"><img decoding=\"async\" src=\"https:\/\/silvamanta.com\/wp-content\/uploads\/2023\/11\/2b372bc1.png\" alt=\"\"><\/span>\n                <a href=\"https:\/\/silvamanta.com\/index.php\/otros-servicios\/\" class=\"u-btn u-button-style u-none u-text-active-palette-2-base u-text-hover-palette-3-base u-text-palette-1-base u-btn-7\"><span class=\"u-icon u-text-palette-1-base\"><svg class=\"u-svg-content\" viewBox=\"0 -32 426.66667 426\" style=\"width: 1em; height: 1em;\"><path d=\"m213.332031 181.667969c0 4.265625-1.277343 8.53125-3.625 11.730469l-106.667969 160c-3.839843 5.761718-10.238281 9.601562-17.707031 9.601562h-64c-11.730469 0-21.332031-9.601562-21.332031-21.332031 0-4.269531 1.28125-8.535157 3.625-11.734375l98.773438-148.265625-98.773438-148.269531c-2.34375-3.199219-3.625-7.464844-3.625-11.730469 0-11.734375 9.601562-21.335938 21.332031-21.335938h64c7.46875 0 13.867188 3.839844 17.707031 9.601563l106.667969 160c2.347657 3.199218 3.625 7.464844 3.625 11.734375zm0 0\"><\/path><path d=\"m426.667969 181.667969c0 4.265625-1.28125 8.53125-3.628907 11.730469l-106.664062 160c-3.839844 5.761718-10.242188 9.601562-17.707031 9.601562h-64c-11.734375 0-21.335938-9.601562-21.335938-21.332031 0-4.269531 1.28125-8.535157 3.628907-11.734375l98.773437-148.265625-98.773437-148.269531c-2.347657-3.199219-3.628907-7.464844-3.628907-11.730469 0-11.734375 9.601563-21.335938 21.335938-21.335938h64c7.464843 0 13.867187 3.839844 17.707031 9.601563l106.664062 160c2.347657 3.199218 3.628907 7.464844 3.628907 11.734375zm0 0\"><\/path><\/svg><\/span>&nbsp;Otros Servicios \n                <\/a>\n              <\/div>\n            <\/div>\n            <div class=\"u-container-style u-list-item u-palette-4-base u-repeater-item u-list-item-8\">\n              <div class=\"u-container-layout u-similar-container u-container-layout-8\"><span class=\"u-file-icon u-icon u-icon-circle u-palette-1-base u-text-white u-icon-15\"><img decoding=\"async\" src=\"https:\/\/silvamanta.com\/wp-content\/uploads\/2023\/11\/2b372bc1.png\" alt=\"\"><\/span>\n                <a href=\"https:\/\/silvamanta.com\/index.php\/normativa\/\" class=\"u-btn u-button-style u-none u-text-active-palette-2-base u-text-hover-palette-3-base u-text-palette-1-base u-btn-8\"><span class=\"u-icon u-text-palette-1-base\"><svg class=\"u-svg-content\" viewBox=\"0 -32 426.66667 426\" style=\"width: 1em; height: 1em;\"><path d=\"m213.332031 181.667969c0 4.265625-1.277343 8.53125-3.625 11.730469l-106.667969 160c-3.839843 5.761718-10.238281 9.601562-17.707031 9.601562h-64c-11.730469 0-21.332031-9.601562-21.332031-21.332031 0-4.269531 1.28125-8.535157 3.625-11.734375l98.773438-148.265625-98.773438-148.269531c-2.34375-3.199219-3.625-7.464844-3.625-11.730469 0-11.734375 9.601562-21.335938 21.332031-21.335938h64c7.46875 0 13.867188 3.839844 17.707031 9.601563l106.667969 160c2.347657 3.199218 3.625 7.464844 3.625 11.734375zm0 0\"><\/path><path d=\"m426.667969 181.667969c0 4.265625-1.28125 8.53125-3.628907 11.730469l-106.664062 160c-3.839844 5.761718-10.242188 9.601562-17.707031 9.601562h-64c-11.734375 0-21.335938-9.601562-21.335938-21.332031 0-4.269531 1.28125-8.535157 3.628907-11.734375l98.773437-148.265625-98.773437-148.269531c-2.347657-3.199219-3.628907-7.464844-3.628907-11.730469 0-11.734375 9.601563-21.335938 21.335938-21.335938h64c7.464843 0 13.867187 3.839844 17.707031 9.601563l106.664062 160c2.347657 3.199218 3.628907 7.464844 3.628907 11.734375zm0 0\"><\/path><\/svg><\/span>&nbsp;Normativa \n                <\/a>\n              <\/div>\n            <\/div>\n            <div class=\"u-container-style u-list-item u-palette-4-base u-repeater-item u-list-item-9\">\n              <div class=\"u-container-layout u-similar-container u-container-layout-9\"><span class=\"u-file-icon u-icon u-icon-circle u-palette-1-base u-text-white u-icon-17\"><img decoding=\"async\" src=\"https:\/\/silvamanta.com\/wp-content\/uploads\/2023\/11\/2b372bc1.png\" alt=\"\"><\/span>\n                <a href=\"https:\/\/silvamanta.com\/index.php\/category\/noticias\/\" class=\"u-btn u-button-style u-none u-text-active-palette-2-base u-text-hover-palette-3-base u-text-palette-1-base u-btn-9\"><span class=\"u-icon u-text-palette-1-base\"><svg class=\"u-svg-content\" viewBox=\"0 -32 426.66667 426\" style=\"width: 1em; height: 1em;\"><path d=\"m213.332031 181.667969c0 4.265625-1.277343 8.53125-3.625 11.730469l-106.667969 160c-3.839843 5.761718-10.238281 9.601562-17.707031 9.601562h-64c-11.730469 0-21.332031-9.601562-21.332031-21.332031 0-4.269531 1.28125-8.535157 3.625-11.734375l98.773438-148.265625-98.773438-148.269531c-2.34375-3.199219-3.625-7.464844-3.625-11.730469 0-11.734375 9.601562-21.335938 21.332031-21.335938h64c7.46875 0 13.867188 3.839844 17.707031 9.601563l106.667969 160c2.347657 3.199218 3.625 7.464844 3.625 11.734375zm0 0\"><\/path><path d=\"m426.667969 181.667969c0 4.265625-1.28125 8.53125-3.628907 11.730469l-106.664062 160c-3.839844 5.761718-10.242188 9.601562-17.707031 9.601562h-64c-11.734375 0-21.335938-9.601562-21.335938-21.332031 0-4.269531 1.28125-8.535157 3.628907-11.734375l98.773437-148.265625-98.773437-148.269531c-2.347657-3.199219-3.628907-7.464844-3.628907-11.730469 0-11.734375 9.601563-21.335938 21.335938-21.335938h64c7.464843 0 13.867187 3.839844 17.707031 9.601563l106.664062 160c2.347657 3.199218 3.628907 7.464844 3.628907 11.734375zm0 0\"><\/path><\/svg><\/span>&nbsp;NOTICIAS\n                <\/a>\n              <\/div>\n            <\/div>\n          <\/div>\n        <\/div>\n      <\/div>\n    <\/section>\n    \n    \n    \n  \n","protected":false},"excerpt":{"rendered":"<p>Departamento Notarial Departamento Notarial El departamento notarial cuenta con profesionales de amplia experiencia brindando seguridad jur\u00eddica a los negocios y actividades de nuestros clientes.Con este objetivo acompa\u00f1amos a nuestros clientes, asisti\u00e9ndolos y asesor\u00e1ndolos en todas sus actividades, poniendo \u00e9nfasis en llevar adelante nuestras labores con vocaci\u00f3n, de manera prudente, con responsabilidad y con especial cuidado &hellip; <a href=\"https:\/\/silvamanta.com\/index.php\/departamento-notarial\/\" class=\"more-link\">Continue reading<span class=\"screen-reader-text\"> &#8220;Departamento Notarial&#8221;<\/span><\/a><\/p>\n","protected":false},"author":1,"featured_media":0,"parent":0,"menu_order":3,"comment_status":"closed","ping_status":"closed","template":"","meta":{"_themeisle_gutenberg_block_has_review":false,"footnotes":""},"class_list":["post-165","page","type-page","status-publish","hentry"],"_links":{"self":[{"href":"https:\/\/silvamanta.com\/index.php\/wp-json\/wp\/v2\/pages\/165","targetHints":{"allow":["GET"]}}],"collection":[{"href":"https:\/\/silvamanta.com\/index.php\/wp-json\/wp\/v2\/pages"}],"about":[{"href":"https:\/\/silvamanta.com\/index.php\/wp-json\/wp\/v2\/types\/page"}],"author":[{"embeddable":true,"href":"https:\/\/silvamanta.com\/index.php\/wp-json\/wp\/v2\/users\/1"}],"replies":[{"embeddable":true,"href":"https:\/\/silvamanta.com\/index.php\/wp-json\/wp\/v2\/comments?post=165"}],"version-history":[{"count":2,"href":"https:\/\/silvamanta.com\/index.php\/wp-json\/wp\/v2\/pages\/165\/revisions"}],"predecessor-version":[{"id":299,"href":"https:\/\/silvamanta.com\/index.php\/wp-json\/wp\/v2\/pages\/165\/revisions\/299"}],"wp:attachment":[{"href":"https:\/\/silvamanta.com\/index.php\/wp-json\/wp\/v2\/media?parent=165"}],"curies":[{"name":"wp","href":"https:\/\/api.w.org\/{rel}","templated":true}]}}