{"id":167,"date":"2023-11-19T00:24:30","date_gmt":"2023-11-19T03:24:30","guid":{"rendered":"https:\/\/silvamanta.com\/index.php\/acerca-de\/"},"modified":"2025-05-12T13:25:12","modified_gmt":"2025-05-12T16:25:12","slug":"acerca-de","status":"publish","type":"page","link":"https:\/\/silvamanta.com\/index.php\/acerca-de\/","title":{"rendered":"Acerca de"},"content":{"rendered":"\n    \n    <section class=\"u-clearfix u-section-2\" id=\"sec-e272\">\n      <div class=\"u-clearfix u-sheet u-sheet-1\">\n        <div class=\"data-layout-selected u-clearfix u-expanded-width u-gutter-0 u-layout-spacing-vertical u-layout-wrap u-layout-wrap-1\">\n          <div class=\"u-layout\">\n            <div class=\"u-layout-row\">\n              <div class=\"u-align-left u-container-align-left u-container-style u-layout-cell u-left-cell u-size-40 u-layout-cell-1\">\n                <div class=\"u-container-layout u-container-layout-1\">\n                  <h3 class=\"u-text u-text-default u-text-1\">Bienvenidos a Silva Manta &amp; Asociados, tu Estudios Jur\u00eddico Notarial Contable.<\/h3>\n                  <p class=\"u-text u-text-2\"> Somos un equipo de profesionales dedicados y comprometidos con la excelencia y la eficiencia en el asesoramiento Legal, Notarial y Contable. En Silva Manta &amp; Asociados, entendemos la importancia de brindar un servicio personalizado que sea accesible, confiable y r\u00e1pido. Nos esforzamos por ser el socio que necesitas para enfrentar tus desaf\u00edos.<\/p>\n                  <h3 class=\"u-text u-text-3\">Nuestro Equipo<\/h3>\n                  <div class=\"u-table u-table-responsive u-table-1\">\n                    <table class=\"u-table-entity\">\n                      <colgroup>\n                        <col width=\"36.9%\">\n                        <col width=\"31.6%\">\n                        <col width=\"31.5%\">\n                      <\/colgroup>\n                      <tbody class=\"u-table-body\">\n                        <tr style=\"height: 45px;\">\n                          <td class=\"u-table-cell u-text-palette-3-base u-table-cell-1\"> Legal - Notarial :<\/td>\n                          <td class=\"u-table-cell u-text-palette-1-base u-table-cell-2\"><\/td>\n                          <td class=\"u-table-cell u-text-palette-1-base u-table-cell-3\"><\/td>\n                        <\/tr>\n                        <tr style=\"height: 45px;\">\n                          <td class=\"u-table-cell u-text-palette-1-base u-table-cell-4\"> &nbsp;Dra. Mar\u00eda Daniella Silva Manta<\/td>\n                          <td class=\"u-table-cell u-text-palette-1-base u-table-cell-5\"> Dr. Esc. Agustin Manta<\/td>\n                          <td class=\"u-table-cell u-text-palette-1-base u-table-cell-6\"> Dra. Esc. Laura Alcalde<\/td>\n                        <\/tr>\n                        <tr style=\"height: 46px;\">\n                          <td class=\"u-table-cell u-text-palette-1-base u-table-cell-7\"> Dra. Tamara Rodr\u00edguez <\/td>\n                          <td class=\"u-table-cell u-text-palette-1-base u-table-cell-8\"> Proc. Felipe Mederos <\/td>\n                          <td class=\"u-table-cell u-text-palette-1-base u-table-cell-9\"><\/td>\n                        <\/tr>\n                        <tr style=\"height: 46px;\">\n                          <td class=\"u-table-cell u-text-palette-3-base u-table-cell-10\"> Contable: <\/td>\n                          <td class=\"u-table-cell u-text-palette-1-base u-table-cell-11\"><\/td>\n                          <td class=\"u-table-cell u-text-palette-1-base u-table-cell-12\"><\/td>\n                        <\/tr>\n                        <tr style=\"height: 46px;\">\n                          <td class=\"u-table-cell u-text-palette-1-base u-table-cell-13\"> Cra. Mar\u00eda Eugenia Manta<\/td>\n                          <td class=\"u-table-cell u-text-palette-1-base u-table-cell-14\"> Mauricio Colombo <\/td>\n                          <td class=\"u-table-cell u-text-palette-1-base u-table-cell-15\"> Gabriela Rosa Del Campo<\/td>\n                        <\/tr>\n                        <tr style=\"height: 46px;\">\n                          <td class=\"u-table-cell u-text-palette-1-base u-table-cell-16\"> Ernesto Reyes <\/td>\n                          <td class=\"u-table-cell u-text-palette-1-base u-table-cell-17\"><\/td>\n                          <td class=\"u-table-cell u-text-palette-1-base u-table-cell-18\"><\/td>\n                        <\/tr>\n                      <\/tbody>\n                    <\/table>\n                  <\/div>\n                <\/div>\n              <\/div>\n              <div class=\"u-container-style u-image u-layout-cell u-right-cell u-size-20 u-image-1\" src=\"\" data-image-width=\"717\" data-image-height=\"527\" style=\"background-image: url(&quot;https:\/\/silvamanta.com\/wp-content\/uploads\/2023\/11\/007.jpg&quot;);\">\n                <div class=\"u-container-layout u-container-layout-2\"><\/div>\n              <\/div>\n            <\/div>\n          <\/div>\n        <\/div>\n      <\/div>\n    <\/section>\n    <section class=\"u-align-center u-clearfix u-container-align-center u-grey-5 u-section-3\" id=\"sec-6e18\">\n      <div class=\"u-clearfix u-sheet u-valign-middle u-sheet-1\">\n        <div class=\"u-expanded-width u-list u-list-1\">\n          <div class=\"u-repeater u-repeater-1\">\n            <div class=\"u-align-center u-container-align-center u-container-style u-list-item u-repeater-item\">\n              <div class=\"u-container-layout u-similar-container u-valign-top u-container-layout-1\"><span class=\"u-align-left u-file-icon u-icon u-icon-1\"><img decoding=\"async\" src=\"https:\/\/silvamanta.com\/wp-content\/uploads\/2023\/11\/3757816.png\" alt=\"\"><\/span>\n                <h5 class=\"u-align-left u-text u-text-palette-3-base u-text-1\">Misi\u00f3n<\/h5>\n                <p class=\"u-align-left u-text u-text-default u-text-2\"> Buscamos superar las expectativas de nuestros clientes al proporcionar un asesoramiento legal de calidad excepcional.&nbsp;<br>Nos comprometemos a ser r\u00e1pidos, comprometidos y eficientes en cada paso del camino.\n                <\/p>\n              <\/div>\n            <\/div>\n            <div class=\"u-align-center u-container-align-center u-container-align-left u-container-style u-list-item u-repeater-item\">\n              <div class=\"u-container-layout u-similar-container u-valign-top u-container-layout-2\"><span class=\"u-align-left u-icon u-text-palette-1-base u-icon-2\"><svg class=\"u-svg-link\" preserveAspectRatio=\"xMidYMin slice\" viewBox=\"0 0 128 128\" style=\"\"><use xmlns:xlink=\"http:\/\/www.w3.org\/1999\/xlink\" xlink:href=\"#svg-78d2\"><\/use><\/svg><svg class=\"u-svg-content\" viewBox=\"0 0 128 128\" id=\"svg-78d2\"><path d=\"m102.7 39.2c0.8 0 1.5 0.3 2.1 0.9l7.8 7.8c4.8 4.8 7.7 11.5 7.4 18.3-0.6 12.6-11 22.6-23.7 22.6h-29c-0.1 0-0.1-0.1-0.1-0.2 1.1-3 4.1-5.2 7.5-5.2h10.5c0.9 0 1.8-0.4 2.3-1.1 0.8-1.1 0.7-2.6-0.3-3.5l-24.9-24.8c-0.6-0.6-0.9-1.3-0.9-2.1s0.3-1.5 0.9-2.1 1.3-0.8 2.1-0.8 1.5 0.3 2.1 0.8l16.9 16.9c0.5 0.5 1.2 0.8 1.9 0.8s1.4-0.3 1.9-0.8 0.8-1.2 0.8-1.9-0.3-1.4-0.8-1.9l-6.7-6.7c-0.6-0.6-0.9-1.3-0.9-2.1s0.3-1.5 0.9-2.1 1.3-0.8 2.1-0.8 1.5 0.3 2.1 0.8l4 4c0.5 0.5 1.2 0.8 1.9 0.8s1.4-0.3 1.9-0.8 0.8-1.2 0.8-1.9-0.3-1.4-0.8-1.9l-2.7-2.7c-0.5-0.5-0.8-1.2-0.8-2s0.3-1.5 0.9-2.1 1.3-0.9 2.1-0.9 1.5 0.3 2.1 0.9l2.7 2.7c0.5 0.5 1.2 0.8 1.9 0.8s1.4-0.3 1.9-0.8 0.8-1.2 0.8-1.9-0.2-1.3-0.7-1.8c-0.8-0.9-1.2-2.1-0.8-3.3 0.5-1.3 1.6-1.9 2.8-1.9m0-8c-2.9 0-5.7 1.1-7.8 3.2-0.7 0.7-1.2 1.4-1.7 2.1 0 0-0.1 0.1-0.1 0-0.4 0-0.8-0.1-1.1-0.1-2.9 0-5.7 1.1-7.8 3.2-1 1-1.8 2.2-2.3 3.4 0 0 0 0.1-0.1 0.1-2.6 0.2-5.1 1.3-6.9 3.2l-0.2 0.2-2.5-2.5c-2-2-4.9-3.2-7.8-3.2s-5.7 1.1-7.8 3.2-3.2 4.9-3.2 7.8c0 3 1.2 5.7 3.2 7.8l15.8 15.8c0.1 0.1 0 0.2-0.1 0.2-5.8 0.8-10.8 4.8-12.8 10.5-1.9 5.2 2 10.7 7.5 10.7h29.1c8.5 0 16.4-3.3 22.4-9.3 6.1-6.1 9.4-14.3 9.3-23-0.1-8.4-3.8-16.4-9.8-22.4l-7.8-7.8c-1.8-2-4.6-3.1-7.5-3.1z\"><\/path><path d=\"m82.1 118c0 1.1-0.9 2-2 2h-70.2c-1.1 0-2-0.9-2-2v-108c0-1.1 0.9-2 2-2h70.1c1.1 0 2 0.9 2 2v16.9c0 2.2 1.8 4 4 4s4-1.8 4-4v-16.9c0-5.5-4.5-10-9.9-10h-70.2c-5.4 0-9.9 4.5-9.9 10v108c0 5.5 4.5 10 9.9 10h70.1c5.5 0 9.9-4.5 9.9-10v-10.6c0-2.2-1.8-4-4-4s-4 1.8-4 4v10.6z\"><\/path><\/svg><\/span>\n                <h5 class=\"u-align-left u-text u-text-palette-3-base u-text-3\">Visi\u00f3n<\/h5>\n                <p class=\"u-align-left u-text u-text-default u-text-4\"> Aspiramos a ser reconocidos como un referente en el campo jur\u00eddico y contable, destacando por nuestra excelencia en el servicio al cliente, la rapidez en la resoluci\u00f3n de problemas y la innovaci\u00f3n en la prestaci\u00f3n de servicios legales y contables.<\/p>\n              <\/div>\n            <\/div>\n            <div class=\"u-align-center u-container-align-center u-container-style u-list-item u-repeater-item\">\n              <div class=\"u-container-layout u-similar-container u-valign-top u-container-layout-3\"><span class=\"u-align-left u-file-icon u-icon u-icon-3\"><img decoding=\"async\" src=\"https:\/\/silvamanta.com\/wp-content\/uploads\/2023\/11\/10861013.png\" alt=\"\"><\/span>\n                <h5 class=\"u-align-left u-text u-text-palette-3-base u-text-5\">Valores<\/h5>\n                <p class=\"u-align-left u-text u-text-default u-text-6\"> En Silvamanta &amp; Asociados, los valores no son solo palabras, sino la base sobre la cual construimos relaciones s\u00f3lidas y exitosas con nuestros clientes. Estamos comprometidos a ser tu socio confiable en el camino hacia el \u00e9xito legal y contable.<\/p>\n              <\/div>\n            <\/div>\n          <\/div>\n        <\/div>\n      <\/div>\n    <\/section>\n    <section class=\"u-align-left u-clearfix u-container-align-left u-section-4\" id=\"sec-8849\">\n      <div class=\"u-clearfix u-sheet u-valign-middle u-sheet-1\">\n        <div id=\"carousel-25d0\" data-interval=\"5000\" data-u-ride=\"carousel\" class=\"u-carousel u-expanded-width-xs u-slider u-slider-1\">\n          <ol class=\"u-absolute-hcenter u-carousel-indicators u-carousel-indicators-1\">\n            <li data-u-target=\"#carousel-25d0\" class=\"u-active u-grey-30 u-shape-circle\" data-u-slide-to=\"0\" style=\"width: 10px; height: 10px;\"><\/li>\n            <li data-u-target=\"#carousel-25d0\" class=\"u-grey-30 u-shape-circle\" data-u-slide-to=\"1\" style=\"width: 10px; height: 10px;\"><\/li>\n          <\/ol>\n          <div class=\"u-carousel-inner\" role=\"listbox\">\n            <div class=\"u-active u-align-center u-carousel-item u-container-align-center u-container-style u-slide\">\n              <div class=\"u-container-layout u-valign-middle u-container-layout-1\"><span class=\"u-icon u-icon-circle u-text-palette-1-base u-icon-1\"><svg class=\"u-svg-link\" preserveAspectRatio=\"xMidYMin slice\" viewBox=\"0 0 95.333 95.332\" style=\"\"><use xmlns:xlink=\"http:\/\/www.w3.org\/1999\/xlink\" xlink:href=\"#svg-cbe1\"><\/use><\/svg><svg class=\"u-svg-content\" viewBox=\"0 0 95.333 95.332\" x=\"0px\" y=\"0px\" id=\"svg-cbe1\" style=\"enable-background:new 0 0 95.333 95.332;\"><g><g><path d=\"M30.512,43.939c-2.348-0.676-4.696-1.019-6.98-1.019c-3.527,0-6.47,0.806-8.752,1.793    c2.2-8.054,7.485-21.951,18.013-23.516c0.975-0.145,1.774-0.85,2.04-1.799l2.301-8.23c0.194-0.696,0.079-1.441-0.318-2.045    s-1.035-1.007-1.75-1.105c-0.777-0.106-1.569-0.16-2.354-0.16c-12.637,0-25.152,13.19-30.433,32.076    c-3.1,11.08-4.009,27.738,3.627,38.223c4.273,5.867,10.507,9,18.529,9.313c0.033,0.001,0.065,0.002,0.098,0.002    c9.898,0,18.675-6.666,21.345-16.209c1.595-5.705,0.874-11.688-2.032-16.851C40.971,49.307,36.236,45.586,30.512,43.939z\"><\/path><path d=\"M92.471,54.413c-2.875-5.106-7.61-8.827-13.334-10.474c-2.348-0.676-4.696-1.019-6.979-1.019    c-3.527,0-6.471,0.806-8.753,1.793c2.2-8.054,7.485-21.951,18.014-23.516c0.975-0.145,1.773-0.85,2.04-1.799l2.301-8.23    c0.194-0.696,0.079-1.441-0.318-2.045c-0.396-0.604-1.034-1.007-1.75-1.105c-0.776-0.106-1.568-0.16-2.354-0.16    c-12.637,0-25.152,13.19-30.434,32.076c-3.099,11.08-4.008,27.738,3.629,38.225c4.272,5.866,10.507,9,18.528,9.312    c0.033,0.001,0.065,0.002,0.099,0.002c9.897,0,18.675-6.666,21.345-16.209C96.098,65.559,95.376,59.575,92.471,54.413z\"><\/path>\n<\/g>\n<\/g><\/svg><\/span>\n                <p class=\"u-align-center u-large-text u-text u-text-default u-text-variant u-text-1\"> \"La profesi\u00f3n de abogado asume una nobleza y grandeza peculiares. Junto con las ventajas y honores a que eleva a aquellos que la siguen con un amor resuelto y triunfante, tambi\u00e9n exige pruebas severas de car\u00e1cter y una dedicaci\u00f3n inquebrantable al deber.\"<\/p>\n                <h4 class=\"u-align-center u-text u-text-2\"> Rufus Choate<br>\n                <\/h4>\n              <\/div>\n            <\/div>\n            <div class=\"custom-expanded u-align-center u-carousel-item u-container-align-center u-container-style u-slide\">\n              <div class=\"u-container-layout u-valign-middle u-container-layout-2\"><span class=\"u-icon u-icon-circle u-text-grey-25 u-icon-2\"><svg class=\"u-svg-link\" preserveAspectRatio=\"xMidYMin slice\" viewBox=\"0 0 95.333 95.332\" style=\"\"><use xmlns:xlink=\"http:\/\/www.w3.org\/1999\/xlink\" xlink:href=\"#svg-9f65\"><\/use><\/svg><svg class=\"u-svg-content\" viewBox=\"0 0 95.333 95.332\" x=\"0px\" y=\"0px\" id=\"svg-9f65\" style=\"enable-background:new 0 0 95.333 95.332;\"><g><g><path d=\"M30.512,43.939c-2.348-0.676-4.696-1.019-6.98-1.019c-3.527,0-6.47,0.806-8.752,1.793    c2.2-8.054,7.485-21.951,18.013-23.516c0.975-0.145,1.774-0.85,2.04-1.799l2.301-8.23c0.194-0.696,0.079-1.441-0.318-2.045    s-1.035-1.007-1.75-1.105c-0.777-0.106-1.569-0.16-2.354-0.16c-12.637,0-25.152,13.19-30.433,32.076    c-3.1,11.08-4.009,27.738,3.627,38.223c4.273,5.867,10.507,9,18.529,9.313c0.033,0.001,0.065,0.002,0.098,0.002    c9.898,0,18.675-6.666,21.345-16.209c1.595-5.705,0.874-11.688-2.032-16.851C40.971,49.307,36.236,45.586,30.512,43.939z\"><\/path><path d=\"M92.471,54.413c-2.875-5.106-7.61-8.827-13.334-10.474c-2.348-0.676-4.696-1.019-6.979-1.019    c-3.527,0-6.471,0.806-8.753,1.793c2.2-8.054,7.485-21.951,18.014-23.516c0.975-0.145,1.773-0.85,2.04-1.799l2.301-8.23    c0.194-0.696,0.079-1.441-0.318-2.045c-0.396-0.604-1.034-1.007-1.75-1.105c-0.776-0.106-1.568-0.16-2.354-0.16    c-12.637,0-25.152,13.19-30.434,32.076c-3.099,11.08-4.008,27.738,3.629,38.225c4.272,5.866,10.507,9,18.528,9.312    c0.033,0.001,0.065,0.002,0.099,0.002c9.897,0,18.675-6.666,21.345-16.209C96.098,65.559,95.376,59.575,92.471,54.413z\"><\/path>\n<\/g>\n<\/g><\/svg><\/span>\n                <p class=\"u-align-center u-large-text u-text u-text-default u-text-variant u-text-3\"> \"La tarea m\u00e1s importante de la ley es prevenir la injusticia. En nuestra propia \u00e9poca, la tarea m\u00e1s \u00fatil de la ley es prevenir la injusticia en nombre de aquellos que son oprimidos. Al igual que con cualquier herramienta, su valor depender\u00e1 de quien la maneje y, como con cualquier herramienta poderosa, ser\u00e1 objeto de abuso.\"<\/p>\n                <h4 class=\"u-align-center u-text u-text-4\"> Felix Frankfurter<br>\n                <\/h4>\n              <\/div>\n            <\/div>\n          <\/div>\n          <a class=\"u-absolute-vcenter u-carousel-control u-carousel-control-prev u-text-grey-30 u-carousel-control-1\" href=\"#carousel-25d0\" role=\"button\" data-u-slide=\"prev\"><span aria-hidden=\"true\">\n              <svg viewBox=\"0 0 477.175 477.175\"><path d=\"M145.188,238.575l215.5-215.5c5.3-5.3,5.3-13.8,0-19.1s-13.8-5.3-19.1,0l-225.1,225.1c-5.3,5.3-5.3,13.8,0,19.1l225.1,225\n                    c2.6,2.6,6.1,4,9.5,4s6.9-1.3,9.5-4c5.3-5.3,5.3-13.8,0-19.1L145.188,238.575z\"><\/path><\/svg><\/span><span class=\"sr-only\">+Previous<\/span>\n          <\/a>\n          <a class=\"u-absolute-vcenter u-carousel-control u-carousel-control-next u-text-grey-30 u-carousel-control-2\" href=\"#carousel-25d0\" role=\"button\" data-u-slide=\"next\"><span aria-hidden=\"true\">\n              <svg viewBox=\"0 0 477.175 477.175\"><path d=\"M360.731,229.075l-225.1-225.1c-5.3-5.3-13.8-5.3-19.1,0s-5.3,13.8,0,19.1l215.5,215.5l-215.5,215.5\n                    c-5.3,5.3-5.3,13.8,0,19.1c2.6,2.6,6.1,4,9.5,4c3.4,0,6.9-1.3,9.5-4l225.1-225.1C365.931,242.875,365.931,234.275,360.731,229.075z\"><\/path><\/svg><\/span><span class=\"sr-only\">+Next<\/span>\n          <\/a>\n        <\/div>\n      <\/div>\n    <\/section>\n    \n    \n    \n  \n","protected":false},"excerpt":{"rendered":"<p>Bienvenidos a Silva Manta &amp; Asociados, tu Estudios Jur\u00eddico Notarial Contable. Somos un equipo de profesionales dedicados y comprometidos con la excelencia y la eficiencia en el asesoramiento Legal, Notarial y Contable. En Silva Manta &amp; Asociados, entendemos la importancia de brindar un servicio personalizado que sea accesible, confiable y r\u00e1pido. Nos esforzamos por ser &hellip; <a href=\"https:\/\/silvamanta.com\/index.php\/acerca-de\/\" class=\"more-link\">Continue reading<span class=\"screen-reader-text\"> &#8220;Acerca de&#8221;<\/span><\/a><\/p>\n","protected":false},"author":1,"featured_media":0,"parent":0,"menu_order":5,"comment_status":"closed","ping_status":"closed","template":"","meta":{"_themeisle_gutenberg_block_has_review":false,"footnotes":""},"class_list":["post-167","page","type-page","status-publish","hentry"],"_links":{"self":[{"href":"https:\/\/silvamanta.com\/index.php\/wp-json\/wp\/v2\/pages\/167","targetHints":{"allow":["GET"]}}],"collection":[{"href":"https:\/\/silvamanta.com\/index.php\/wp-json\/wp\/v2\/pages"}],"about":[{"href":"https:\/\/silvamanta.com\/index.php\/wp-json\/wp\/v2\/types\/page"}],"author":[{"embeddable":true,"href":"https:\/\/silvamanta.com\/index.php\/wp-json\/wp\/v2\/users\/1"}],"replies":[{"embeddable":true,"href":"https:\/\/silvamanta.com\/index.php\/wp-json\/wp\/v2\/comments?post=167"}],"version-history":[{"count":20,"href":"https:\/\/silvamanta.com\/index.php\/wp-json\/wp\/v2\/pages\/167\/revisions"}],"predecessor-version":[{"id":1130,"href":"https:\/\/silvamanta.com\/index.php\/wp-json\/wp\/v2\/pages\/167\/revisions\/1130"}],"wp:attachment":[{"href":"https:\/\/silvamanta.com\/index.php\/wp-json\/wp\/v2\/media?parent=167"}],"curies":[{"name":"wp","href":"https:\/\/api.w.org\/{rel}","templated":true}]}}