{"id":462,"date":"2024-07-13T18:51:40","date_gmt":"2024-07-13T21:51:40","guid":{"rendered":"https:\/\/silvamanta.com\/index.php\/carrito\/"},"modified":"2024-07-13T20:53:41","modified_gmt":"2024-07-13T23:53:41","slug":"carrito","status":"publish","type":"page","link":"https:\/\/silvamanta.com\/index.php\/carrito\/","title":{"rendered":"Carrito"},"content":{"rendered":"\n<div data-block-name=\"woocommerce\/cart\" class=\"wp-block-woocommerce-cart alignwide is-loading\">\n<div data-block-name=\"woocommerce\/filled-cart-block\" class=\"wp-block-woocommerce-filled-cart-block\">\n<div data-block-name=\"woocommerce\/cart-items-block\" class=\"wp-block-woocommerce-cart-items-block\">\n<div data-block-name=\"woocommerce\/cart-line-items-block\" class=\"wp-block-woocommerce-cart-line-items-block\"><\/div>\n\n\n\n<div data-block-name=\"woocommerce\/cart-cross-sells-block\" class=\"wp-block-woocommerce-cart-cross-sells-block\">\n<h2 class=\"wp-block-heading has-large-font-size\">Puede que te interese\u2026<\/h2>\n\n\n\n<div data-block-name=\"woocommerce\/cart-cross-sells-products-block\" class=\"wp-block-woocommerce-cart-cross-sells-products-block\"><\/div>\n<\/div>\n<\/div>\n\n\n\n<div data-block-name=\"woocommerce\/cart-totals-block\" class=\"wp-block-woocommerce-cart-totals-block\">\n<div data-block-name=\"woocommerce\/cart-order-summary-block\" class=\"wp-block-woocommerce-cart-order-summary-block\">\n<div data-block-name=\"woocommerce\/cart-order-summary-heading-block\" class=\"wp-block-woocommerce-cart-order-summary-heading-block\"><\/div><div data-block-name=\"woocommerce\/cart-order-summary-coupon-form-block\" class=\"wp-block-woocommerce-cart-order-summary-coupon-form-block\"><\/div><div data-block-name=\"woocommerce\/cart-order-summary-totals-block\" class=\"wp-block-woocommerce-cart-order-summary-totals-block\">\n<div data-block-name=\"woocommerce\/cart-order-summary-subtotal-block\" class=\"wp-block-woocommerce-cart-order-summary-subtotal-block\"><\/div>\n<div data-block-name=\"woocommerce\/cart-order-summary-discount-block\" class=\"wp-block-woocommerce-cart-order-summary-discount-block\"><\/div>\n<div data-block-name=\"woocommerce\/cart-order-summary-fee-block\" class=\"wp-block-woocommerce-cart-order-summary-fee-block\"><\/div>\n<div data-block-name=\"woocommerce\/cart-order-summary-shipping-block\" class=\"wp-block-woocommerce-cart-order-summary-shipping-block\"><\/div>\n<div data-block-name=\"woocommerce\/cart-order-summary-taxes-block\" class=\"wp-block-woocommerce-cart-order-summary-taxes-block\"><\/div><\/div>\n<\/div>\n\n\n\n<div data-block-name=\"woocommerce\/cart-express-payment-block\" class=\"wp-block-woocommerce-cart-express-payment-block\"><\/div>\n\n\n\n<div data-block-name=\"woocommerce\/proceed-to-checkout-block\" class=\"wp-block-woocommerce-proceed-to-checkout-block\"><\/div>\n\n\n\n<div data-block-name=\"woocommerce\/cart-accepted-payment-methods-block\" class=\"wp-block-woocommerce-cart-accepted-payment-methods-block\"><\/div>\n<\/div>\n<\/div>\n\n\n\n<div data-block-name=\"woocommerce\/empty-cart-block\" class=\"wp-block-woocommerce-empty-cart-block\">\n<h2 class=\"wp-block-heading has-text-align-center with-empty-cart-icon wc-block-cart__empty-cart__title\">\u00a1Tu carrito est\u00e1 actualmente vac\u00edo!<\/h2>\n\n\n\n<hr class=\"wp-block-separator has-alpha-channel-opacity is-style-dots\"\/>\n\n\n\n<h2 class=\"wp-block-heading has-text-align-center\">Nuevo en la tienda<\/h2>\n\n\n<div data-block-name=\"woocommerce\/product-new\" data-columns=\"4\" data-rows=\"1\" class=\"wc-block-grid wp-block-product-new wp-block-woocommerce-product-new wc-block-product-new has-4-columns\"><ul class=\"wc-block-grid__products\"><li class=\"wc-block-grid__product\">\n\t\t\t\t<a href=\"https:\/\/silvamanta.com\/index.php\/producto\/referencia-118-sucesion-en-venta-playa-pascual-san-jose\/\" class=\"wc-block-grid__product-link\">\n\t\t\t\t\t\n\t\t\t\t\t<div class=\"wc-block-grid__product-image\"><img loading=\"lazy\" decoding=\"async\" width=\"400\" height=\"358\" src=\"https:\/\/silvamanta.com\/wp-content\/uploads\/2025\/07\/001-400x358.jpg\" class=\"attachment-woocommerce_thumbnail size-woocommerce_thumbnail\" alt=\"Referencia: 118 - Sucesi\u00f3n en Venta - Playa Pascual - San Jos\u00e9\" \/><\/div>\n\t\t\t\t\t<div class=\"wc-block-grid__product-title\">Referencia: 118 &#8211; Sucesi\u00f3n en Venta &#8211; Playa Pascual &#8211; San Jos\u00e9<\/div>\n\t\t\t\t<\/a>\n\t\t\t\t<div class=\"wc-block-grid__product-price price\"><span class=\"woocommerce-Price-amount amount\"><span class=\"woocommerce-Price-currencySymbol\">USD<\/span>20.000,00<\/span><\/div>\n\t\t\t\t\n\t\t\t\t<div class=\"wp-block-button wc-block-grid__product-add-to-cart\"><a href=\"\/index.php\/wp-json\/wp\/v2\/pages\/462?add-to-cart=1186\" aria-label=\"A\u00f1adir al carrito: &ldquo;Referencia: 118 - Sucesi\u00f3n en Venta - Playa Pascual - San Jos\u00e9&rdquo;\" data-quantity=\"1\" data-product_id=\"1186\" data-product_sku=\"\" data-price=\"20000\" rel=\"nofollow\" class=\"wp-block-button__link  add_to_cart_button ajax_add_to_cart\">A\u00f1adir al carrito<\/a><\/div>\n\t\t\t<\/li><li class=\"wc-block-grid__product\">\n\t\t\t\t<a href=\"https:\/\/silvamanta.com\/index.php\/producto\/referencia-117-sucesion-casa-bella-italia\/\" class=\"wc-block-grid__product-link\">\n\t\t\t\t\t\n\t\t\t\t\t<div class=\"wc-block-grid__product-image\"><img loading=\"lazy\" decoding=\"async\" width=\"400\" height=\"400\" src=\"https:\/\/silvamanta.com\/wp-content\/uploads\/2024\/12\/Principal-400x400.jpeg\" class=\"attachment-woocommerce_thumbnail size-woocommerce_thumbnail\" alt=\"Referencia: 117 - Sucesi\u00f3n - Casa Bella Italia\" srcset=\"https:\/\/silvamanta.com\/wp-content\/uploads\/2024\/12\/Principal-400x400.jpeg 400w, https:\/\/silvamanta.com\/wp-content\/uploads\/2024\/12\/Principal-150x150.jpeg 150w, https:\/\/silvamanta.com\/wp-content\/uploads\/2024\/12\/Principal-100x100.jpeg 100w\" sizes=\"auto, (max-width: 400px) 85vw, 400px\" \/><\/div>\n\t\t\t\t\t<div class=\"wc-block-grid__product-title\">Referencia: 117 &#8211; Sucesi\u00f3n &#8211; Casa Bella Italia<\/div>\n\t\t\t\t<\/a>\n\t\t\t\t<div class=\"wc-block-grid__product-price price\"><span class=\"woocommerce-Price-amount amount\"><span class=\"woocommerce-Price-currencySymbol\">USD<\/span>18.000,00<\/span><\/div>\n\t\t\t\t\n\t\t\t\t<div class=\"wp-block-button wc-block-grid__product-add-to-cart\"><a href=\"\/index.php\/wp-json\/wp\/v2\/pages\/462?add-to-cart=963\" aria-label=\"A\u00f1adir al carrito: &ldquo;Referencia: 117 - Sucesi\u00f3n - Casa Bella Italia&rdquo;\" data-quantity=\"1\" data-product_id=\"963\" data-product_sku=\"\" data-price=\"18000\" rel=\"nofollow\" class=\"wp-block-button__link  add_to_cart_button ajax_add_to_cart\">A\u00f1adir al carrito<\/a><\/div>\n\t\t\t<\/li><li class=\"wc-block-grid__product\">\n\t\t\t\t<a href=\"https:\/\/silvamanta.com\/index.php\/producto\/referencia-116-sucesion-casa-barrio-punta-de-rieles\/\" class=\"wc-block-grid__product-link\">\n\t\t\t\t\t\n\t\t\t\t\t<div class=\"wc-block-grid__product-image\"><img loading=\"lazy\" decoding=\"async\" width=\"400\" height=\"400\" src=\"https:\/\/silvamanta.com\/wp-content\/uploads\/2024\/12\/principal-3-400x400.jpg\" class=\"attachment-woocommerce_thumbnail size-woocommerce_thumbnail\" alt=\"Referencia: 116 - Sucesi\u00f3n - Casa Barrio Punta de Rieles\" srcset=\"https:\/\/silvamanta.com\/wp-content\/uploads\/2024\/12\/principal-3-400x400.jpg 400w, https:\/\/silvamanta.com\/wp-content\/uploads\/2024\/12\/principal-3-150x150.jpg 150w, https:\/\/silvamanta.com\/wp-content\/uploads\/2024\/12\/principal-3-100x100.jpg 100w\" sizes=\"auto, (max-width: 400px) 85vw, 400px\" \/><\/div>\n\t\t\t\t\t<div class=\"wc-block-grid__product-title\">Referencia: 116 &#8211; Sucesi\u00f3n &#8211; Casa Barrio Punta de Rieles<\/div>\n\t\t\t\t<\/a>\n\t\t\t\t<div class=\"wc-block-grid__product-price price\"><span class=\"woocommerce-Price-amount amount\"><span class=\"woocommerce-Price-currencySymbol\">USD<\/span>11.000,00<\/span><\/div>\n\t\t\t\t\n\t\t\t\t<div class=\"wp-block-button wc-block-grid__product-add-to-cart\"><a href=\"\/index.php\/wp-json\/wp\/v2\/pages\/462?add-to-cart=956\" aria-label=\"A\u00f1adir al carrito: &ldquo;Referencia: 116 - Sucesi\u00f3n - Casa Barrio Punta de Rieles&rdquo;\" data-quantity=\"1\" data-product_id=\"956\" data-product_sku=\"\" data-price=\"11000\" rel=\"nofollow\" class=\"wp-block-button__link  add_to_cart_button ajax_add_to_cart\">A\u00f1adir al carrito<\/a><\/div>\n\t\t\t<\/li><li class=\"wc-block-grid__product\">\n\t\t\t\t<a href=\"https:\/\/silvamanta.com\/index.php\/producto\/referencia-115-sucesion-casa-malvin-norte\/\" class=\"wc-block-grid__product-link\">\n\t\t\t\t\t\n\t\t\t\t\t<div class=\"wc-block-grid__product-image\"><img loading=\"lazy\" decoding=\"async\" width=\"400\" height=\"400\" src=\"https:\/\/silvamanta.com\/wp-content\/uploads\/2024\/12\/principal-2-400x400.jpg\" class=\"attachment-woocommerce_thumbnail size-woocommerce_thumbnail\" alt=\"Referencia: 115 - Sucesi\u00f3n - Casa Malvin Norte\" srcset=\"https:\/\/silvamanta.com\/wp-content\/uploads\/2024\/12\/principal-2-400x400.jpg 400w, https:\/\/silvamanta.com\/wp-content\/uploads\/2024\/12\/principal-2-150x150.jpg 150w, https:\/\/silvamanta.com\/wp-content\/uploads\/2024\/12\/principal-2-100x100.jpg 100w\" sizes=\"auto, (max-width: 400px) 85vw, 400px\" \/><\/div>\n\t\t\t\t\t<div class=\"wc-block-grid__product-title\">Referencia: 115 &#8211; Sucesi\u00f3n &#8211; Casa Malvin Norte<\/div>\n\t\t\t\t<\/a>\n\t\t\t\t<div class=\"wc-block-grid__product-price price\"><span class=\"woocommerce-Price-amount amount\"><span class=\"woocommerce-Price-currencySymbol\">USD<\/span>40.000,00<\/span><\/div>\n\t\t\t\t\n\t\t\t\t<div class=\"wp-block-button wc-block-grid__product-add-to-cart\"><a href=\"\/index.php\/wp-json\/wp\/v2\/pages\/462?add-to-cart=936\" aria-label=\"A\u00f1adir al carrito: &ldquo;Referencia: 115 - Sucesi\u00f3n - Casa Malvin Norte&rdquo;\" data-quantity=\"1\" data-product_id=\"936\" data-product_sku=\"\" data-price=\"40000\" rel=\"nofollow\" class=\"wp-block-button__link  add_to_cart_button ajax_add_to_cart\">A\u00f1adir al carrito<\/a><\/div>\n\t\t\t<\/li><\/ul><\/div><\/div>\n<\/div>\n","protected":false},"excerpt":{"rendered":"","protected":false},"author":1,"featured_media":0,"parent":0,"menu_order":0,"comment_status":"closed","ping_status":"closed","template":"","meta":{"_themeisle_gutenberg_block_has_review":false,"footnotes":""},"class_list":["post-462","page","type-page","status-publish","hentry"],"_links":{"self":[{"href":"https:\/\/silvamanta.com\/index.php\/wp-json\/wp\/v2\/pages\/462","targetHints":{"allow":["GET"]}}],"collection":[{"href":"https:\/\/silvamanta.com\/index.php\/wp-json\/wp\/v2\/pages"}],"about":[{"href":"https:\/\/silvamanta.com\/index.php\/wp-json\/wp\/v2\/types\/page"}],"author":[{"embeddable":true,"href":"https:\/\/silvamanta.com\/index.php\/wp-json\/wp\/v2\/users\/1"}],"replies":[{"embeddable":true,"href":"https:\/\/silvamanta.com\/index.php\/wp-json\/wp\/v2\/comments?post=462"}],"version-history":[{"count":1,"href":"https:\/\/silvamanta.com\/index.php\/wp-json\/wp\/v2\/pages\/462\/revisions"}],"predecessor-version":[{"id":521,"href":"https:\/\/silvamanta.com\/index.php\/wp-json\/wp\/v2\/pages\/462\/revisions\/521"}],"wp:attachment":[{"href":"https:\/\/silvamanta.com\/index.php\/wp-json\/wp\/v2\/media?parent=462"}],"curies":[{"name":"wp","href":"https:\/\/api.w.org\/{rel}","templated":true}]}}