{"id":767,"date":"2024-07-20T22:15:17","date_gmt":"2024-07-21T01:15:17","guid":{"rendered":"https:\/\/silvamanta.com\/index.php\/finalizar-compra-2\/la-transaccion-ha-fallado\/"},"modified":"2024-07-20T22:15:17","modified_gmt":"2024-07-21T01:15:17","slug":"la-transaccion-ha-fallado","status":"publish","type":"page","link":"https:\/\/silvamanta.com\/index.php\/finalizar-compra-2\/la-transaccion-ha-fallado\/","title":{"rendered":"La transacci\u00f3n ha fallado"},"content":{"rendered":"<p>Tu transacci\u00f3n ha fallado; int\u00e9ntalo de nuevo o ponte en contacto con el servicio de asistencia del sitio.<\/p>","protected":false},"excerpt":{"rendered":"<p>Tu transacci\u00f3n ha fallado; int\u00e9ntalo de nuevo o ponte en contacto con el servicio de asistencia del sitio.<\/p>\n","protected":false},"author":1,"featured_media":0,"parent":765,"menu_order":0,"comment_status":"closed","ping_status":"closed","template":"","meta":{"_themeisle_gutenberg_block_has_review":false,"footnotes":""},"class_list":["post-767","page","type-page","status-publish","hentry"],"_links":{"self":[{"href":"https:\/\/silvamanta.com\/index.php\/wp-json\/wp\/v2\/pages\/767","targetHints":{"allow":["GET"]}}],"collection":[{"href":"https:\/\/silvamanta.com\/index.php\/wp-json\/wp\/v2\/pages"}],"about":[{"href":"https:\/\/silvamanta.com\/index.php\/wp-json\/wp\/v2\/types\/page"}],"author":[{"embeddable":true,"href":"https:\/\/silvamanta.com\/index.php\/wp-json\/wp\/v2\/users\/1"}],"replies":[{"embeddable":true,"href":"https:\/\/silvamanta.com\/index.php\/wp-json\/wp\/v2\/comments?post=767"}],"version-history":[{"count":0,"href":"https:\/\/silvamanta.com\/index.php\/wp-json\/wp\/v2\/pages\/767\/revisions"}],"up":[{"embeddable":true,"href":"https:\/\/silvamanta.com\/index.php\/wp-json\/wp\/v2\/pages\/765"}],"wp:attachment":[{"href":"https:\/\/silvamanta.com\/index.php\/wp-json\/wp\/v2\/media?parent=767"}],"curies":[{"name":"wp","href":"https:\/\/api.w.org\/{rel}","templated":true}]}}